{"id":30020,"date":"2024-05-27T12:03:22","date_gmt":"2024-05-27T10:03:22","guid":{"rendered":"https:\/\/www.exiomsolution.com\/privacy-policy\/"},"modified":"2024-08-21T10:23:16","modified_gmt":"2024-08-21T08:23:16","slug":"privacy-policy","status":"publish","type":"page","link":"https:\/\/www.exiomsolution.com\/en\/privacy-policy\/","title":{"rendered":"Privacy Policy"},"content":{"rendered":"\n<p>En cumplimiento de las obligaciones establecidas en la Ley Org\u00e1nica 3\/2018, de 5 de diciembre, de Protecci\u00f3n de Datos Personales y Garant\u00eda de los Derechos Digitales se le facilita la informaci\u00f3n relativa al tratamiento de sus datos personales:<\/p>\n\n<p><strong>\u00bfQui\u00e9n es el responsable del tratamiento de tus datos?<\/strong><\/p>\n\n<p>El Responsable del tratamiento de sus datos es EXIOM GROUP. Bajo esta marca comercial se agrupan las siguientes entidades: <\/p>\n\n<ul class=\"wp-block-list\">\n<li><strong>EXIOM SOLUTION, S.A<\/strong><\/li>\n\n\n\n<li><strong>EXIOM FOOD, S.L<\/strong><\/li>\n\n\n\n<li><strong>EXIOM REAL ESTATE, S.L<\/strong><\/li>\n\n\n\n<li><strong>ADIWATT SPAIN, S.L<\/strong><\/li>\n\n\n\n<li><strong>SOLAREV AUTOCONSUMO. S.L <\/strong><\/li>\n\n\n\n<li><strong>EXIOM SOLUTION TOTAL, S.L<\/strong><\/li>\n<\/ul>\n\n<p>Direcci\u00f3n: C\/ San Francisco, 5 \u2013 5\u00baB 33003 Oviedo<br\/>Tel\u00e9fono: 984033709<br\/>Correo electr\u00f3nico: <a href=\"mailto:info@exiomgroup.com\">info@exiomgroup.com<\/a><\/p>\n\n<p>Delegado de protecci\u00f3n de datos: PRODAT PRINCIPADO, S.L. \u2013 TORRECERREDO, 4 \u2013 BAJO \u2013 33012 OVIEDO \u2013 985 11 40 57 \u2013 DPDASTURIAS@PRODAT.ES<\/p>\n\n<p>Puedes dirigirte de cualquier forma para comunicarte con nosotros.<\/p>\n\n<p>Nos reservamos el derecho a modificar o adaptar la presente Pol\u00edtica de Privacidad en cualquier momento. Te recomendamos revisar la misma, y si te has registrado y accedes a tu cuenta o perfil, se te informar\u00e1 de las modificaciones. <\/p>\n\n<p>Si eres alguno de los siguientes colectivos, consulta la informaci\u00f3n desplegable:<\/p>\n\n<p><strong> + CONTACTOS DE LA WEB O DEL CORREO ELECTR\u00d3NICO<\/strong><\/p>\n\n<p><strong>\u00bfQu\u00e9 datos recopilamos a trav\u00e9s de la Web?<\/strong><\/p>\n\n<p>Podemos tratar tu IP, qu\u00e9 sistema operativo o navegador usas, e incluso la duraci\u00f3n de tu visita, de forma an\u00f3nima.<\/p>\n\n<p>Si nos facilitas datos en el formulario de contacto, te identificar\u00e1s para poder contactar contigo, en caso de que sea necesario.<\/p>\n\n<p><strong>\u00bfCon que finalidades vamos a tratar sus datos personales?<\/strong><\/p>\n\n<ul class=\"wp-block-list\">\n<li>Contestar a tus consultas, solicitudes o peticiones.<\/li>\n\n\n\n<li>Gestionar el servicio solicitado, contestar tu solicitud, o tramitar tu petici\u00f3n.<\/li>\n\n\n\n<li>Informaci\u00f3n por medios electr\u00f3nicos, que versen sobre tu solicitud.<\/li>\n\n\n\n<li>Informaci\u00f3n comercial o de eventos por medios electr\u00f3nicos, siempre que exista autorizaci\u00f3n expresa.<\/li>\n\n\n\n<li>Realizar an\u00e1lisis y mejoras en la Web, sobre nuestros productos y servicios. Mejorar nuestra estrategia comercial. <\/li>\n<\/ul>\n\n<p><strong>\u00bfCu\u00e1l es la legitimaci\u00f3n para el tratamiento de tus datos?<\/strong><\/p>\n\n<p>La aceptaci\u00f3n y consentimiento del interesado: En aquellos casos donde para realizar una solicitud sea necesario cumplimentar un formulario y hacer un \u00abclick\u00bb en el bot\u00f3n de enviar, la realizaci\u00f3n del mismo implicar\u00e1 necesariamente que ha sido informado y ha otorgado expresamente su consentimiento al contenido de la cl\u00e1usula anexada a dicho formulario o aceptaci\u00f3n de la pol\u00edtica de privacidad.<\/p>\n\n<p>Todos nuestros formularios cuentan con el s\u00edmbolo * en los datos obligatorios. Si no facilitas esos campos, o no marcas el checkbox de aceptaci\u00f3n de la pol\u00edtica de privacidad, no se permitir\u00e1 el env\u00edo de la informaci\u00f3n. Normalmente tiene la siguiente f\u00f3rmula: \u201c\u25a1 Soy mayor de 14 y he le\u00eddo y acepto la Pol\u00edtica de privacidad.\u201d  <\/p>\n\n<p><strong> + CLIENTES<\/strong><\/p>\n\n<p><strong>\u00bfCon que finalidades vamos a tratar tus datos personales?<\/strong><\/p>\n\n<ul class=\"wp-block-list\">\n<li>Elaboraci\u00f3n del presupuesto y seguimiento del mismo mediante comunicaciones entre ambas partes.<\/li>\n\n\n\n<li>Informaci\u00f3n por medios electr\u00f3nicos, que versen sobre tu solicitud.<\/li>\n\n\n\n<li>Informaci\u00f3n comercial o de eventos por medios electr\u00f3nicos, siempre que exista autorizaci\u00f3n expresa.<\/li>\n\n\n\n<li>Gestionar los servicios administrativos, de comunicaciones y de log\u00edstica realizados por el Responsable.<\/li>\n\n\n\n<li>Facturaci\u00f3n y declaraci\u00f3n de los impuestos oportunos..<\/li>\n\n\n\n<li>Realizar las transacciones que correspondan.<\/li>\n\n\n\n<li>Gestiones de control y recobro.<\/li>\n<\/ul>\n\n<p><strong><br\/>+ CONTACTOS REDES SOCIALES<\/strong><\/p>\n\n<p><strong>\u00bfCon que finalidades vamos a tratar tus datos personales?<\/strong><\/p>\n\n<ul class=\"wp-block-list\">\n<li>Contestar a tus consultas, solicitudes o peticiones.<\/li>\n\n\n\n<li>Gestionar el servicio solicitado, contestar tu solicitud, o tramitar tu petici\u00f3n.<\/li>\n\n\n\n<li>Relacionarnos contigo y crear una comunidad de seguidores.<\/li>\n<\/ul>\n\n<p><strong>\u00bfCu\u00e1l es la legitimaci\u00f3n para el tratamiento de tus datos?<\/strong><\/p>\n\n<p>La aceptaci\u00f3n de una relaci\u00f3n contractual en el entorno de la red social que corresponda, y conforme a sus pol\u00edticas de Privacidad:<\/p>\n\n<ul class=\"wp-block-list\">\n<li> Facebook <a href=\"http:\/\/www.facebook.com\/policy.php?ref=pf\">http:\/\/www.facebook.com\/policy.php?ref=pf<\/a><\/li>\n\n\n\n<li> Instagram <a href=\"https:\/\/help.instagram.com\/155833707900388\">https:\/\/help.instagram.com\/155833707900388<\/a><\/li>\n\n\n\n<li> Twitter <a href=\"http:\/\/twitter.com\/privacy\">http:\/\/twitter.com\/privacy<\/a><\/li>\n\n\n\n<li> Linkedin <a href=\"http:\/\/www.linkedin.com\/legal\/privacy-policy?trk=hb_ft_priv\">http:\/\/www.linkedin.com\/legal\/privacy-policy?trk=hb_ft_priv<\/a><\/li>\n\n\n\n<li> Pinterest <a href=\"https:\/\/about.pinterest.com\/es\/privacy-policy\">https:\/\/about.pinterest.com\/es\/privacy-policy<\/a><\/li>\n\n\n\n<li> Youtube <a href=\"http:\/\/www.google.com\/intl\/es\/policies\/privacy\/\">http:\/\/www.google.com\/intl\/es\/policies\/privacy\/<\/a><\/li>\n<\/ul>\n\n<p><strong>\u00bfDurante cu\u00e1nto tiempo vamos a mantener los datos personales?<\/strong><\/p>\n\n<p>S\u00f3lo podemos consultar o dar de baja tus datos de forma restringida al tener un perfil espec\u00edfico. Los trataremos tanto tiempo como tu nos dejes sigui\u00e9ndonos, siendo amigos o d\u00e1ndole a \u201cme gusta\u201d, \u201cseguir\u201d o botones similares. <\/p>\n\n<p>Cualquier rectificaci\u00f3n de tus datos o restricci\u00f3n de informaci\u00f3n o de publicaciones debes realizarla a trav\u00e9s de la configuraci\u00f3n de tu perfil o usuario en la propia red social.<\/p>\n\n<p> <strong> + <\/strong><strong>VIDEOVIGILANCIA<\/strong><strong> <\/strong><\/p>\n\n<p><strong>\u00bfCon que finalidades vamos a tratar tus datos personales?<\/strong><\/p>\n\n<ul class=\"wp-block-list\">\n<li>Garantizar la seguridad y el acceso a las instalaciones.<\/li>\n\n\n\n<li>Control del trabajo de los empleados y dem\u00e1s personal an\u00e1logo.<\/li>\n\n\n\n<li>Evaluar la calidad del Servicio.<\/li>\n<\/ul>\n\n<p><strong>\u00bfCual es la legitimaci\u00f3n para tratar tus datos personales?<\/strong>:<\/p>\n\n<ul class=\"wp-block-list\">\n<li>Proteger inter\u00e9s p\u00fablico<\/li>\n<\/ul>\n\n<p><strong>\u00bfA quien podremos comunicar tus datos personales?<\/strong><\/p>\n\n<p>Los cuerpos y fuerzas de seguridad del estado, y\/o los jueces y tribunales:<\/p>\n\n<ul class=\"wp-block-list\">\n<li>En casos de comisi\u00f3n de actos delictivos, verificaci\u00f3n de faltas graves, y situaciones an\u00e1logas.<\/li>\n\n\n\n<li>Para ejercitar acciones leg\u00edtimas en base al derecho a nuestra tutela judicial efectiva.<\/li>\n<\/ul>\n\n<p><strong>\u00bfDurante cuanto tiempo vamos a almacenar tus datos personales?<\/strong><\/p>\n\n<p>Como m\u00e1ximo, durante un periodo de 30 d\u00edas.<\/p>\n\n<p><strong>\u00bfIncluimos datos personales de terceras personas?<\/strong><\/p>\n\n<p>No, como norma general s\u00f3lo tratamos los datos que nos facilitan los titulares. Si nos aportas datos de terceros, deber\u00e1s con car\u00e1cter previo, informar y solicitar su consentimiento a dichas personas, o de lo contrario nos eximes de cualquier responsabilidad por el incumplimiento de \u00e9ste requisito. <\/p>\n\n<p><strong>\u00bfY datos de menores?<\/strong><\/p>\n\n<p>No tratamos datos de menores de 18 a\u00f1os. Por tanto, abst\u00e9ngase de facilitarlos si no tiene esa edad o, en su caso, de facilitar datos de terceros que no tengan la citada edad. EXIOM GROUP se exime de cualquier responsabilidad por el incumplimiento de esta previsi\u00f3n.  <\/p>\n\n<p><strong>\u00bfRealizaremos comunicaciones por medios electr\u00f3nicos?<\/strong><\/p>\n\n<ul class=\"wp-block-list\">\n<li>S\u00f3lo se realizar\u00e1n para gestionar tu solicitud, si es uno de los medios de contacto que nos ha facilitado.<\/li>\n\n\n\n<li>Si realizamos comunicaciones comerciales habr\u00e1n sido previa y expresamente autorizadas por t\u00ed.<\/li>\n<\/ul>\n\n<p><strong>\u00bfQu\u00e9 medidas de seguridad aplicamos?<\/strong><\/p>\n\n<p>Puedes estar tranquilo: Hemos adoptado un nivel \u00f3ptimo de protecci\u00f3n de los Datos Personales que manejamos, y hemos instalado todos los medios y medidas t\u00e9cnicas a nuestra disposici\u00f3n seg\u00fan el estado de la tecnolog\u00eda para evitar la p\u00e9rdida, mal uso, alteraci\u00f3n, acceso no autorizado y robo de los Datos Personales.<\/p>\n\n<p><strong>\u00bfA qu\u00e9 destinatarios se comunicar\u00e1n tus datos?<\/strong><\/p>\n\n<p>Tus datos podr\u00e1n ser cedidos y compartirse entre las empresas de EXIOM GROUP para la gesti\u00f3n de su solicitud o los tr\u00e1mites administrativos derivados de ella. No cederemos sus datos a terceros destinatarios, salvo obligaci\u00f3n legal. En concreto se comunicar\u00e1n a la Agencia Estatal de la Administraci\u00f3n Tributaria y a bancos y entidades financieras para el cobro del servicio prestado o producto adquirido Como a los encargados del tratamiento necesarios para la ejecuci\u00f3n del acuerdo.  <\/p>\n\n<p>Cuando se lo ordenemos, tendr\u00e1n acceso a nuestra web la empresa de desarrollo y mantenimiento web, o la de hosting. Las mismas tendr\u00e1n firmado un contrato de prestaci\u00f3n de servicios que les obliga a mantener el mismo nivel de privacidad que nosotros. <\/p>\n\n<p><strong>\u00bfQu\u00e9 Derechos tienes?<\/strong><\/p>\n\n<ul class=\"wp-block-list\">\n<li>A saber si estamos tratando tus datos o no.<\/li>\n\n\n\n<li>A acceder a tus datos personales.<\/li>\n\n\n\n<li>A solicitar la rectificaci\u00f3n de tus datos si son inexactos.<\/li>\n\n\n\n<li>A solicitar la supresi\u00f3n de tus datos si ya no son necesarios para los fines para los que fueron recogidos o si nos retiras el consentimiento otorgado.<\/li>\n\n\n\n<li>A solicitar la limitaci\u00f3n del tratamiento de sus datos, en algunos supuestos, en cuyo caso s\u00f3lo los conservaremos de acuerdo con la normativa vigente.<\/li>\n\n\n\n<li>A portar tus datos, que te ser\u00e1n facilitados en un formato estructurado, de uso com\u00fan o lectura mec\u00e1nica. Si lo prefieres, se los podemos enviar al nuevo responsable que nos designes. S\u00f3lo es v\u00e1lido en determinados supuestos.  <\/li>\n\n\n\n<li>A presentar una reclamaci\u00f3n ante la Agencia Espa\u00f1ola de Protecci\u00f3n de Datos o autoridad de control competente, si crees que no te hemos atendido correctamente.<\/li>\n\n\n\n<li>A revocar el consentimiento para cualquier tratamiento para el que hayas consentido, en cualquier momento.<\/li>\n<\/ul>\n\n<p>Si modificas alg\u00fan dato, te agradecemos que nos lo comuniques para mantenerlos actualizados.<\/p>\n\n<p><strong>\u00bfQuieres un formulario para el ejercicio de Derechos? <\/strong><\/p>\n\n<ul class=\"wp-block-list\">\n<li>Tenemos formularios para el ejercicio de tus derechos, p\u00eddenoslos por email o si lo prefieres, puedes usar los elaborados por la Agencia Espa\u00f1ola de Protecci\u00f3n de Datos o terceros.<\/li>\n\n\n\n<li>En el supuesto que en el que existan dudas razonables sobre la identidad del solicitante estos formularios deben ir firmados electr\u00f3nicamente o ser acompa\u00f1ados de fotocopia del DNI.<\/li>\n\n\n\n<li>Los formularios pueden ser presentados presencialmente, enviados por carta o por mail en la direcci\u00f3n del Responsable al inicio de este texto.<\/li>\n<\/ul>\n\n<p><strong>\u00bfCu\u00e1nto tardamos en contestarte al Ejercicio de Derechos?<\/strong><\/p>\n\n<p>Depende del derecho, pero como m\u00e1ximo en un mes desde tu solicitud, y dos meses si el tema es muy complejo y te notificamos que necesitamos m\u00e1s tiempo.<\/p>\n\n<p><strong>\u00bfTratamos cookies?<\/strong><\/p>\n\n<p>Si usamos otro tipo de cookies que no sean las necesarias, podr\u00e1s consultar la pol\u00edtica de cookies en el enlace correspondiente desde el inicio de nuestra web.<\/p>\n\n<p><strong>\u00bfDurante cu\u00e1nto tiempo vamos a mantener tus datos personales?<\/strong><\/p>\n\n<ul class=\"wp-block-list\">\n<li>Los datos personales ser\u00e1n mantenidos mientras sigas vinculado con nosotros.<\/li>\n\n\n\n<li>Una vez te desvincules, los datos personales tratados en cada finalidad se mantendr\u00e1n durante los plazos legalmente previstos, incluido el plazo en el que un juez o tribunal los pueda requerir atendiendo al plazo de prescripci\u00f3n de acciones judiciales.<\/li>\n\n\n\n<li>Los datos tratados se mantendr\u00e1n en tanto no expiren los plazos legales aludidos anteriormente, si hubiera obligaci\u00f3n legal de mantenimiento, o de no existir ese plazo legal, hasta que el interesado solicite su supresi\u00f3n o revoque el consentimiento otorgado.<\/li>\n\n\n\n<li>Mantendremos toda la informaci\u00f3n y comunicaciones relativas a tu compra o a la prestaci\u00f3n de nuestro servicio, mientras duren las garant\u00edas de los productos o servicios, para atender posibles reclamaciones.<\/li>\n<\/ul>\n\n<p>Fecha de la ultima modificaci\u00f3n: 03\/03\/2023<\/p>\n","protected":false},"excerpt":{"rendered":"<p>En cumplimiento de las obligaciones establecidas en la Ley Org\u00e1nica 3\/2018, de 5 de diciembre, de Protecci\u00f3n de Datos Personales y Garant\u00eda de los Derechos Digitales se le facilita la informaci\u00f3n relativa al tratamiento de sus datos personales: \u00bfQui\u00e9n es el responsable del tratamiento de tus datos? El Responsable del tratamiento de sus datos es [&hellip;]<\/p>\n","protected":false},"author":1,"featured_media":0,"parent":0,"menu_order":990,"comment_status":"closed","ping_status":"closed","template":"","meta":{"footnotes":""},"class_list":["post-30020","page","type-page","status-publish","hentry"],"_links":{"self":[{"href":"https:\/\/www.exiomsolution.com\/en\/wp-json\/wp\/v2\/pages\/30020","targetHints":{"allow":["GET"]}}],"collection":[{"href":"https:\/\/www.exiomsolution.com\/en\/wp-json\/wp\/v2\/pages"}],"about":[{"href":"https:\/\/www.exiomsolution.com\/en\/wp-json\/wp\/v2\/types\/page"}],"author":[{"embeddable":true,"href":"https:\/\/www.exiomsolution.com\/en\/wp-json\/wp\/v2\/users\/1"}],"replies":[{"embeddable":true,"href":"https:\/\/www.exiomsolution.com\/en\/wp-json\/wp\/v2\/comments?post=30020"}],"version-history":[{"count":0,"href":"https:\/\/www.exiomsolution.com\/en\/wp-json\/wp\/v2\/pages\/30020\/revisions"}],"wp:attachment":[{"href":"https:\/\/www.exiomsolution.com\/en\/wp-json\/wp\/v2\/media?parent=30020"}],"curies":[{"name":"wp","href":"https:\/\/api.w.org\/{rel}","templated":true}]}}